{"id":14,"date":"2017-12-23T01:00:45","date_gmt":"2017-12-22T22:00:45","guid":{"rendered":"http:\/\/www.estetikden.com\/?page_id=14"},"modified":"2020-01-10T00:42:02","modified_gmt":"2020-01-09T21:42:02","slug":"anasayfa","status":"publish","type":"page","link":"https:\/\/www.estetikden.com\/span\/","title":{"rendered":"PAGE D\u2019ACCUEIL"},"content":{"rendered":"<div id=\"pl-14\"  class=\"panel-layout\" ><div id=\"pg-14-0\"  class=\"panel-grid panel-no-style\" ><div id=\"pgc-14-0-0\"  class=\"panel-grid-cell\" ><div id=\"panel-14-0-0-0\" class=\"so-panel widget widget_rev-slider-widget widget_revslider panel-first-child panel-last-child\" data-index=\"0\" ><\/div><\/div><\/div><div id=\"pg-14-1\"  class=\"panel-grid panel-has-style\" ><div class=\"siteorigin-panels-stretch panel-row-style panel-row-style-for-14-1\" data-stretch-type=\"full\" ><div id=\"pgc-14-1-0\"  class=\"panel-grid-cell\" ><div id=\"panel-14-1-0-0\" class=\"so-panel widget widget_text panel-first-child panel-last-child\" data-index=\"1\" >\t\t\t<div class=\"textwidget\"><h3><span style=\"color: #00ffde; font-size: 25px;\">&#8221; POUR VOUS RENDRE HEUREUX ET POUR VOUS SOIGNER, &#8221; <\/span><span style=\"color: #ffffff; font-size: 25px;\"> NOUS SOMMES DANS LE MONDE ENTIER.<\/span><\/h3>\n<p>&nbsp;<\/p>\n<\/div>\n\t\t<\/div><\/div><\/div><\/div><div id=\"pg-14-2\"  class=\"panel-grid panel-has-style\" ><div class=\"jumbotron-overlap panel-row-style panel-row-style-for-14-2\" ><div id=\"pgc-14-2-0\"  class=\"panel-grid-cell\" ><div id=\"panel-14-2-0-0\" class=\"so-panel widget widget_pw_featured_page widget-featured-page panel-first-child panel-last-child\" data-index=\"2\" >\n\t<div class=\"page-box  page-box--block\">\n\t\t\t\t\t\t<a class=\"page-box__picture\" href=\"https:\/\/www.estetikden.com\/span\/consultation-gratuit\/\">\n\t\t\t\t\t<img loading=\"lazy\" decoding=\"async\" src=\"https:\/\/www.estetikden.com\/span\/wp-content\/uploads\/2019\/03\/siziarayalim.jpg\" width=\"352\" height=\"198\" srcset=\"https:\/\/www.estetikden.com\/span\/wp-content\/uploads\/2019\/03\/siziarayalim.jpg 352w, https:\/\/www.estetikden.com\/span\/wp-content\/uploads\/2019\/03\/siziarayalim.jpg 352w\" sizes=\"(min-width: 1200px) 349px, (min-width: 992px) 282px, (min-width: 768px) 690px, calc(100vw - 30px)\" class=\"wp-post-image\" alt=\"CONSULTATION GRATUIT\">\n\t\t\t\t\t\t\t\t\t<\/a>\n\t\t\t\t\t\t\t\t<div class=\"page-box__content\">\n\t\t\t<h4 class=\"page-box__title\"><a href=\"https:\/\/www.estetikden.com\/span\/consultation-gratuit\/\">CONSULTATION GRATUIT<\/a><\/h4>\n\t\t\t<p class=\"page-box__text\">Do you need plastic surgery? Let's consider it together in our clinic.<\/p>\n\t\t\t\t\t<\/div>\n\t<\/div>\n\n<\/div><\/div><div id=\"pgc-14-2-1\"  class=\"panel-grid-cell\" ><div id=\"panel-14-2-1-0\" class=\"so-panel widget widget_pw_featured_page widget-featured-page panel-first-child panel-last-child\" data-index=\"3\" >\n\t<div class=\"page-box  page-box--block\">\n\t\t\t\t\t\t<a class=\"page-box__picture\" href=\"https:\/\/www.estetikden.com\/span\/envoyez-nous-vos-photos\/\">\n\t\t\t\t\t<img loading=\"lazy\" decoding=\"async\" src=\"https:\/\/www.estetikden.com\/span\/wp-content\/uploads\/2019\/03\/ucretsiz.jpg\" width=\"352\" height=\"198\" srcset=\"https:\/\/www.estetikden.com\/span\/wp-content\/uploads\/2019\/03\/ucretsiz.jpg 352w, https:\/\/www.estetikden.com\/span\/wp-content\/uploads\/2019\/03\/ucretsiz.jpg 352w\" sizes=\"(min-width: 1200px) 349px, (min-width: 992px) 282px, (min-width: 768px) 690px, calc(100vw - 30px)\" class=\"wp-post-image\" alt=\"ENVOYEZ NOUS VOS PHOTOS\">\n\t\t\t\t\t\t\t\t\t<\/a>\n\t\t\t\t\t\t\t\t<div class=\"page-box__content\">\n\t\t\t<h4 class=\"page-box__title\"><a href=\"https:\/\/www.estetikden.com\/span\/envoyez-nous-vos-photos\/\">ENVOYEZ NOUS VOS PHOTOS<\/a><\/h4>\n\t\t\t<p class=\"page-box__text\">With the expert consultation, you can learn the most suitable aesthetic solution immediately.<\/p>\n\t\t\t\t\t<\/div>\n\t<\/div>\n\n<\/div><\/div><div id=\"pgc-14-2-2\"  class=\"panel-grid-cell\" ><div id=\"panel-14-2-2-0\" class=\"so-panel widget widget_pw_featured_page widget-featured-page panel-first-child panel-last-child\" data-index=\"4\" >\n\t<div class=\"page-box  page-box--block\">\n\t\t\t\t\t\t<a class=\"page-box__picture\" href=\"https:\/\/www.estetikden.com\/span\/offres-speciales-pour-vous\/\">\n\t\t\t\t\t<img loading=\"lazy\" decoding=\"async\" src=\"https:\/\/www.estetikden.com\/span\/wp-content\/uploads\/2019\/03\/sizeozel.jpg\" width=\"352\" height=\"198\" srcset=\"https:\/\/www.estetikden.com\/span\/wp-content\/uploads\/2019\/03\/sizeozel.jpg 352w, https:\/\/www.estetikden.com\/span\/wp-content\/uploads\/2019\/03\/sizeozel.jpg 352w\" sizes=\"(min-width: 1200px) 349px, (min-width: 992px) 282px, (min-width: 768px) 690px, calc(100vw - 30px)\" class=\"wp-post-image\" alt=\"OFFRES SPECIALES POUR VOUS\">\n\t\t\t\t\t\t\t\t\t<\/a>\n\t\t\t\t\t\t\t\t<div class=\"page-box__content\">\n\t\t\t<h4 class=\"page-box__title\"><a href=\"https:\/\/www.estetikden.com\/span\/offres-speciales-pour-vous\/\">OFFRES SPECIALES POUR VOUS<\/a><\/h4>\n\t\t\t<p class=\"page-box__text\">N\u2019h\u00e9sitez pas \u00e0 nous joindre pour des m\u00e9dicaments souhait\u00e9s et demandez de\r\npr\u00e9cision<\/p>\n\t\t\t\t\t<\/div>\n\t<\/div>\n\n<\/div><\/div><\/div><\/div><div id=\"pg-14-3\"  class=\"panel-grid panel-has-style\" ><div class=\"siteorigin-panels-stretch panel-row-style panel-row-style-for-14-3\" data-stretch-type=\"full\" ><div id=\"pgc-14-3-0\"  class=\"panel-grid-cell\" ><div id=\"panel-14-3-0-0\" class=\"so-panel widget widget_pw_portfolio_grid widget-portfolio-grid panel-first-child panel-last-child\" data-index=\"5\" >\t\t\t\t\t<div class=\"portfolio-grid  portfolio-grid--slider\" data-type=\"slider\">\n\t\t\t\t\t\t\t\t\t\t<nav class=\"portfolio-grid__header\">\n\t\t\t\t\t<a href=\"#\" class=\"portfolio-grid__mobile-filter  js-filter  btn  btn-primary  btn-sm  hidden-lg-up\">\n\t\t\t\t\t\t<span class=\"fa  fa-filter\"><\/span> &nbsp;\n\t\t\t\t\t\tFILTER\t\t\t\t\t<\/a>\n\n\t\t\t\t\t\t\t\t\t\t\t<h3 class=\"portfolio-grid__title\">L\u2019ESTHETIQUE VOUS INVITE \u00c0 UN NOUVEAU MONDE !<\/h3>\n\t\t\t\t\t\n\t\t\t\t\t<ul class=\"portfolio-grid__nav  js-wpg-nav-holder\">\n\t\t\t\t\t\t<li class=\"portfolio-grid__nav-item  is-active\" >\n\t\t\t\t\t\t\t<a href=\"#widget-3-0-0-all\" data-category=\"*\" class=\"portfolio-grid__nav-link  js-wpg-nav\">TOUTES LES SECTIONS<\/a>\n\t\t\t\t\t\t<\/li>\n\t\t\t\t\t\t\t\t\t\t\t\t\t<li class=\"portfolio-grid__nav-item\">\n\t\t\t\t\t\t\t\t<a href=\"#widget-3-0-0-esthetique\" data-category=\"esthetique\" class=\"portfolio-grid__nav-link  js-wpg-nav\">Esth\u00e9tique<\/a>\n\t\t\t\t\t\t\t<\/li>\n\t\t\t\t\t\t\t\t\t\t\t<\/ul>\n\t\t\t\t<\/nav>\n\t\t\t\t\t\t\t\t\t<div id=\"portfolio-grid-widget-3-0-0\" class=\"carousel  slide\" data-ride=\"carousel\" data-interval=\"false\">\n\t\t\t\t\t\t\t<div class=\"carousel-inner  js-wpg-items\" role=\"listbox\">\n\t\t\t\t\t\t\t\t<div class=\"carousel-item  active\">\n\t\t\t\t\t\t\t\t\t<div class=\"row\">\n\t\t\t\t\t\t\t\t\t\t\t\t\t<div class=\"col-xs-12  col-sm-6  col-lg-3  js-wpg-item\" data-categories=\"esthetique\">\n\t\t\t\t<a class=\"card  portfolio-grid__card  js-wpg-card\" href=\"https:\/\/www.estetikden.com\/span\/portfolio\/combine\/\">\n\t\t\t\t\t<img loading=\"lazy\" decoding=\"async\" width=\"352\" height=\"198\" src=\"https:\/\/www.estetikden.com\/span\/wp-content\/uploads\/2019\/03\/dolgu-352x198.jpg\" class=\"card-img-top  portfolio-grid__card-img wp-post-image\" alt=\"\" srcset=\"https:\/\/www.estetikden.com\/span\/wp-content\/uploads\/2019\/03\/dolgu-352x198.jpg 352w, https:\/\/www.estetikden.com\/span\/wp-content\/uploads\/2019\/03\/dolgu-360x204.jpg 360w\" sizes=\"(max-width: 352px) 100vw, 352px\" \/>\t\t\t\t\t<div class=\"card-block  portfolio-grid__card-block\">\n\t\t\t\t\t\t\t\t\t\t\t\t<h5 class=\"card-title  portfolio-grid__card-title\">COMBINE<\/h5>\n\t\t\t\t\t\t\t\t\t\t\t<\/div>\n\t\t\t\t<\/a>\n\t\t\t<\/div>\n\t\t\t\t\t\t<div class=\"col-xs-12  col-sm-6  col-lg-3  js-wpg-item\" data-categories=\"esthetique\">\n\t\t\t\t<a class=\"card  portfolio-grid__card  js-wpg-card\" href=\"https:\/\/www.estetikden.com\/span\/portfolio\/redrapage-facial\/\">\n\t\t\t\t\t<img loading=\"lazy\" decoding=\"async\" width=\"352\" height=\"198\" src=\"https:\/\/www.estetikden.com\/span\/wp-content\/uploads\/2019\/03\/yuzestetigi-352x198.jpg\" class=\"card-img-top  portfolio-grid__card-img wp-post-image\" alt=\"\" srcset=\"https:\/\/www.estetikden.com\/span\/wp-content\/uploads\/2019\/03\/yuzestetigi-352x198.jpg 352w, https:\/\/www.estetikden.com\/span\/wp-content\/uploads\/2019\/03\/yuzestetigi-360x204.jpg 360w\" sizes=\"(max-width: 352px) 100vw, 352px\" \/>\t\t\t\t\t<div class=\"card-block  portfolio-grid__card-block\">\n\t\t\t\t\t\t\t\t\t\t\t\t<h5 class=\"card-title  portfolio-grid__card-title\">REDRAPAGE FACIAL<\/h5>\n\t\t\t\t\t\t\t\t\t\t\t<\/div>\n\t\t\t\t<\/a>\n\t\t\t<\/div>\n\t\t\t\t\t\t<div class=\"col-xs-12  col-sm-6  col-lg-3  js-wpg-item\" data-categories=\"esthetique\">\n\t\t\t\t<a class=\"card  portfolio-grid__card  js-wpg-card\" href=\"https:\/\/www.estetikden.com\/span\/portfolio\/transplantation-de-cheveux-par-fue\/\">\n\t\t\t\t\t<img loading=\"lazy\" decoding=\"async\" width=\"352\" height=\"198\" src=\"https:\/\/www.estetikden.com\/span\/wp-content\/uploads\/2019\/03\/sacekimi-1-352x198.jpg\" class=\"card-img-top  portfolio-grid__card-img wp-post-image\" alt=\"\" srcset=\"https:\/\/www.estetikden.com\/span\/wp-content\/uploads\/2019\/03\/sacekimi-1-352x198.jpg 352w, https:\/\/www.estetikden.com\/span\/wp-content\/uploads\/2019\/03\/sacekimi-1-360x204.jpg 360w\" sizes=\"(max-width: 352px) 100vw, 352px\" \/>\t\t\t\t\t<div class=\"card-block  portfolio-grid__card-block\">\n\t\t\t\t\t\t\t\t\t\t\t\t<h5 class=\"card-title  portfolio-grid__card-title\">TRANSPLANTATION DE CHEVEUX PAR FUE<\/h5>\n\t\t\t\t\t\t\t\t\t\t\t<\/div>\n\t\t\t\t<\/a>\n\t\t\t<\/div>\n\t\t\t\t\t\t<div class=\"col-xs-12  col-sm-6  col-lg-3  js-wpg-item\" data-categories=\"esthetique\">\n\t\t\t\t<a class=\"card  portfolio-grid__card  js-wpg-card\" href=\"https:\/\/www.estetikden.com\/span\/portfolio\/tummy-tuck-abdominoplasty\/\">\n\t\t\t\t\t<img loading=\"lazy\" decoding=\"async\" width=\"352\" height=\"198\" src=\"https:\/\/www.estetikden.com\/span\/wp-content\/uploads\/2019\/03\/karingerme-352x198.jpg\" class=\"card-img-top  portfolio-grid__card-img wp-post-image\" alt=\"\" srcset=\"https:\/\/www.estetikden.com\/span\/wp-content\/uploads\/2019\/03\/karingerme-352x198.jpg 352w, https:\/\/www.estetikden.com\/span\/wp-content\/uploads\/2019\/03\/karingerme-360x204.jpg 360w\" sizes=\"(max-width: 352px) 100vw, 352px\" \/>\t\t\t\t\t<div class=\"card-block  portfolio-grid__card-block\">\n\t\t\t\t\t\t\t\t\t\t\t\t<h5 class=\"card-title  portfolio-grid__card-title\">TUMMY TUCK\/ABDOMINOPLASTY<\/h5>\n\t\t\t\t\t\t\t\t\t\t\t<\/div>\n\t\t\t\t<\/a>\n\t\t\t<\/div>\n\t\t\t<\/div><\/div><div class=\"carousel-item\"><div class=\"row\">\t\t\t<div class=\"col-xs-12  col-sm-6  col-lg-3  js-wpg-item\" data-categories=\"esthetique\">\n\t\t\t\t<a class=\"card  portfolio-grid__card  js-wpg-card\" href=\"https:\/\/www.estetikden.com\/span\/portfolio\/face-lift-neck-lift\/\">\n\t\t\t\t\t<img loading=\"lazy\" decoding=\"async\" width=\"352\" height=\"198\" src=\"https:\/\/www.estetikden.com\/span\/wp-content\/uploads\/2019\/03\/yuzgerme-1-352x198.jpg\" class=\"card-img-top  portfolio-grid__card-img wp-post-image\" alt=\"\" srcset=\"https:\/\/www.estetikden.com\/span\/wp-content\/uploads\/2019\/03\/yuzgerme-1-352x198.jpg 352w, https:\/\/www.estetikden.com\/span\/wp-content\/uploads\/2019\/03\/yuzgerme-1-360x204.jpg 360w\" sizes=\"(max-width: 352px) 100vw, 352px\" \/>\t\t\t\t\t<div class=\"card-block  portfolio-grid__card-block\">\n\t\t\t\t\t\t\t\t\t\t\t\t<h5 class=\"card-title  portfolio-grid__card-title\">NECK L\u0130FT<\/h5>\n\t\t\t\t\t\t\t\t\t\t\t<\/div>\n\t\t\t\t<\/a>\n\t\t\t<\/div>\n\t\t\t\t\t\t<div class=\"col-xs-12  col-sm-6  col-lg-3  js-wpg-item\" data-categories=\"esthetique\">\n\t\t\t\t<a class=\"card  portfolio-grid__card  js-wpg-card\" href=\"https:\/\/www.estetikden.com\/span\/portfolio\/breast-reduction\/\">\n\t\t\t\t\t<img loading=\"lazy\" decoding=\"async\" width=\"352\" height=\"198\" src=\"https:\/\/www.estetikden.com\/span\/wp-content\/uploads\/2019\/03\/memekucultme-2-352x198.jpg\" class=\"card-img-top  portfolio-grid__card-img wp-post-image\" alt=\"\" srcset=\"https:\/\/www.estetikden.com\/span\/wp-content\/uploads\/2019\/03\/memekucultme-2-352x198.jpg 352w, https:\/\/www.estetikden.com\/span\/wp-content\/uploads\/2019\/03\/memekucultme-2-360x204.jpg 360w\" sizes=\"(max-width: 352px) 100vw, 352px\" \/>\t\t\t\t\t<div class=\"card-block  portfolio-grid__card-block\">\n\t\t\t\t\t\t\t\t\t\t\t\t<h5 class=\"card-title  portfolio-grid__card-title\">BREAST REDUCTION<\/h5>\n\t\t\t\t\t\t\t\t\t\t\t<\/div>\n\t\t\t\t<\/a>\n\t\t\t<\/div>\n\t\t\t\t\t\t<div class=\"col-xs-12  col-sm-6  col-lg-3  js-wpg-item\" data-categories=\"esthetique\">\n\t\t\t\t<a class=\"card  portfolio-grid__card  js-wpg-card\" href=\"https:\/\/www.estetikden.com\/span\/portfolio\/ear-aesthetics\/\">\n\t\t\t\t\t<img loading=\"lazy\" decoding=\"async\" width=\"352\" height=\"198\" src=\"https:\/\/www.estetikden.com\/span\/wp-content\/uploads\/2019\/09\/kulak-estetig\u0130-352x198.jpg\" class=\"card-img-top  portfolio-grid__card-img wp-post-image\" alt=\"\" srcset=\"https:\/\/www.estetikden.com\/span\/wp-content\/uploads\/2019\/09\/kulak-estetig\u0130-352x198.jpg 352w, https:\/\/www.estetikden.com\/span\/wp-content\/uploads\/2019\/09\/kulak-estetig\u0130-360x204.jpg 360w\" sizes=\"(max-width: 352px) 100vw, 352px\" \/>\t\t\t\t\t<div class=\"card-block  portfolio-grid__card-block\">\n\t\t\t\t\t\t\t\t\t\t\t\t<h5 class=\"card-title  portfolio-grid__card-title\">EAR AESTHETICS<\/h5>\n\t\t\t\t\t\t\t\t\t\t\t<\/div>\n\t\t\t\t<\/a>\n\t\t\t<\/div>\n\t\t\t\t\t\t\t\t\t\t\t\t<\/div>\n\t\t\t\t\t\t\t\t<\/div>\n\t\t\t\t\t\t\t<\/div>\n\t\t\t\t\t\t<\/div>\n\n\t\t\t\t\t\t<!-- <div class=\"portfolio-grid__arrows  js-wpg-arrows\"> -->\n\t\t\t\t\t\t\t<a class=\"portfolio-grid__arrow  portfolio-grid__arrow--left\" href=\"#portfolio-grid-widget-3-0-0\" role=\"button\" data-slide=\"prev\">\n\t\t\t\t\t\t\t\t<span class=\"fa fa-long-arrow-left\" aria-hidden=\"true\"><\/span>\n\t\t\t\t\t\t\t\t<span class=\"sr-only\">\u00d6nceki<\/span>\n\t\t\t\t\t\t\t<\/a><a class=\"portfolio-grid__arrow  portfolio-grid__arrow--right\" href=\"#portfolio-grid-widget-3-0-0\" role=\"button\" data-slide=\"next\">\n\t\t\t\t\t\t\t\t<span class=\"fa fa-long-arrow-right\" aria-hidden=\"true\"><\/span>\n\t\t\t\t\t\t\t\t<span class=\"sr-only\">Sonraki<\/span>\n\t\t\t\t\t\t\t<\/a>\n\t\t\t\t\t\t<!-- <\/div> -->\n\n\t\t\t\t\t<\/div>\n\t\t\t\t\t<\/div><\/div><\/div><\/div><div id=\"pg-14-4\"  class=\"panel-grid panel-no-style\" ><div id=\"pgc-14-4-0\"  class=\"panel-grid-cell\" ><div id=\"panel-14-4-0-0\" class=\"so-panel widget widget_sow-editor panel-first-child panel-last-child\" data-index=\"6\" ><div\n\t\t\t\n\t\t\tclass=\"so-widget-sow-editor so-widget-sow-editor-base\"\n\t\t\t\n\t\t>\n<div class=\"siteorigin-widget-tinymce textwidget\">\n\t<a class=\"btn  btn-primary  js-funky-box  btn-funky  is-btn-title\" href=\"http:\/\/www.estetikden.com\/span\/qui-sommes-nous\/\" target=\"_self\"> QUI SOMMES NOUS ?<\/a>\n<p>&nbsp;<\/p>\n<h2 style=\"font-weight: 300\">Avec dix ans d\u2019exp\u00e9rience, nous sommes en mesure de r\u00e9pondre \u00e0 toutes vos attentes esth\u00e9tiques et de trouver les meilleures solutions de la meilleure fa\u00e7on possible.<\/h2>\n<p>Les transplantations de cheveux et les op\u00e9rations esth\u00e9tiques sont effectu\u00e9es par le Dr Ismail B\u00fcy\u00fck\u00e7ay\u0131r qui est un sp\u00e9cialiste en chirurgie plastique, et son \u00e9quipe hautement qualifi\u00e9e sur la base des h\u00f4pitaux \"Etiler\" et \"Anotomica\"<\/p>\n<p>Dans le cadre du tourisme de sant\u00e9, nous assistons nos patients dans tous les domaines, notamment l'h\u00e9bergement, les transferts, les services de sant\u00e9 et les m\u00e9dicaments. Nos patients viennent d'environ 35 pays, dont les pays arabes, asiatiques, am\u00e9ricains et surtout europ\u00e9ens.<\/p>\n<p>Notre but est de produire les solutions n\u00e9cessaires pour que vous ayez une apparence saine et que vous augmentiez la qualit\u00e9 de votre vie. <\/p>\n<\/div>\n<\/div><\/div><\/div><\/div><div id=\"pg-14-5\"  class=\"panel-grid panel-has-style\" ><div class=\"siteorigin-panels-stretch panel-row-style panel-row-style-for-14-5\" data-stretch-type=\"full\" ><div id=\"pgc-14-5-0\"  class=\"panel-grid-cell\" ><div id=\"panel-14-5-0-0\" class=\"so-panel widget widget_text panel-first-child panel-last-child\" data-index=\"7\" >\t\t\t<div class=\"textwidget\"><h1 style=\"color: #fff; font-size: 41px;\"><strong>POSEZ VOS QUESTIONS<\/strong><\/h1>\n<p style=\"color: white; font-size: 21px;\">N\u2019h\u00e9sitez pas \u00e0 nous joindre pour vos questions.<\/p>\n<\/div>\n\t\t<\/div><\/div><div id=\"pgc-14-5-1\"  class=\"panel-grid-cell\" ><div id=\"panel-14-5-1-0\" class=\"so-panel widget widget_pw_icon_box widget-icon-box panel-first-child panel-last-child\" data-index=\"8\" >\n\t\t\t<a class=\"icon-box\" href=\"http:\/\/www.estetikden.com\/span\/contact\/\" target=\"_self\">\n\t\n\t\t<i class=\"fa  fa-comments-o\"><\/i>\n\t\t<h4 class=\"icon-box__title\"><p><\/p> <\/h4>\n\t\t<span class=\"icon-box__subtitle\"><span style=\"color: #a1d3ff !important;font-size: 30px\"><strong>NOUS JOINDRE<\/strong><\/span>     <\/span>\n\n\t\t\t<\/a>\n\t\n<\/div><\/div><\/div><\/div><\/div>","protected":false},"excerpt":{"rendered":"<p>&#8221; POUR VOUS RENDRE HEUREUX ET POUR VOUS SOIGNER, &#8221; NOUS SOMMES DANS LE MONDE ENTIER. &nbsp; &nbsp; Avec dix ans d\u2019exp\u00e9rience, nous sommes en mesure de r\u00e9pondre \u00e0 toutes vos attentes esth\u00e9tiques et de trouver les meilleures solutions de la meilleure fa\u00e7on possible. Les transplantations de cheveux et les op\u00e9rations esth\u00e9tiques sont effectu\u00e9es par &hellip;<\/p>\n","protected":false},"author":1,"featured_media":0,"parent":0,"menu_order":0,"comment_status":"closed","ping_status":"closed","template":"","meta":{"_acf_changed":false,"footnotes":""},"wppr_data":{"cwp_meta_box_check":"No"},"acf":[],"yoast_head":"<!-- This site is optimized with the Yoast SEO plugin v22.2 - https:\/\/yoast.com\/wordpress\/plugins\/seo\/ -->\n<title>Estetikden - Health Tourism - Health Tourism -Plastik Surgery<\/title>\n<meta name=\"description\" content=\"\u201d TO MAKE YOU HEALTHY AND HAPPY \u201d WE ARE ALL OVER THE WORLD.\" \/>\n<meta name=\"robots\" content=\"index, follow, max-snippet:-1, max-image-preview:large, max-video-preview:-1\" \/>\n<link rel=\"canonical\" href=\"https:\/\/www.estetikden.com\/span\/\" \/>\n<meta property=\"og:locale\" content=\"tr_TR\" \/>\n<meta property=\"og:type\" content=\"article\" \/>\n<meta property=\"og:title\" content=\"Estetikden - Health Tourism - Health Tourism -Plastik Surgery\" \/>\n<meta property=\"og:description\" content=\"\u201d TO MAKE YOU HEALTHY AND HAPPY \u201d WE ARE ALL OVER THE WORLD.\" \/>\n<meta property=\"og:url\" content=\"https:\/\/www.estetikden.com\/span\/\" \/>\n<meta property=\"og:site_name\" content=\"Estetikden - Health Tourism - Health Tourism -Plastik Surgery\" \/>\n<meta property=\"article:publisher\" content=\"https:\/\/www.facebook.com\/estetikdenizi\" \/>\n<meta property=\"article:modified_time\" content=\"2020-01-09T21:42:02+00:00\" \/>\n<meta name=\"twitter:card\" content=\"summary_large_image\" \/>\n<meta name=\"twitter:label1\" content=\"Tahmini okuma s\u00fcresi\" \/>\n\t<meta name=\"twitter:data1\" content=\"1 dakika\" \/>\n<script type=\"application\/ld+json\" class=\"yoast-schema-graph\">{\"@context\":\"https:\/\/schema.org\",\"@graph\":[{\"@type\":\"WebPage\",\"@id\":\"https:\/\/www.estetikden.com\/span\/\",\"url\":\"https:\/\/www.estetikden.com\/span\/\",\"name\":\"Estetikden - Health Tourism - Health Tourism -Plastik Surgery\",\"isPartOf\":{\"@id\":\"https:\/\/www.estetikden.com\/span\/#website\"},\"datePublished\":\"2017-12-22T22:00:45+00:00\",\"dateModified\":\"2020-01-09T21:42:02+00:00\",\"description\":\"\u201d TO MAKE YOU HEALTHY AND HAPPY \u201d WE ARE ALL OVER THE WORLD.\",\"breadcrumb\":{\"@id\":\"https:\/\/www.estetikden.com\/span\/#breadcrumb\"},\"inLanguage\":\"tr\",\"potentialAction\":[{\"@type\":\"ReadAction\",\"target\":[\"https:\/\/www.estetikden.com\/span\/\"]}]},{\"@type\":\"BreadcrumbList\",\"@id\":\"https:\/\/www.estetikden.com\/span\/#breadcrumb\",\"itemListElement\":[{\"@type\":\"ListItem\",\"position\":1,\"name\":\"Ana sayfa\",\"item\":\"https:\/\/www.estetikden.com\/span\/\"},{\"@type\":\"ListItem\",\"position\":2,\"name\":\"PAGE D\u2019ACCUEIL\"}]},{\"@type\":\"WebSite\",\"@id\":\"https:\/\/www.estetikden.com\/span\/#website\",\"url\":\"https:\/\/www.estetikden.com\/span\/\",\"name\":\"Estetikden - Health Tourism - Health Tourism -Plastik Surgery\",\"description\":\"\u201d TO MAKE YOU HEALTHY AND HAPPY \u201d WE ARE ALL OVER THE WORLD.\",\"potentialAction\":[{\"@type\":\"SearchAction\",\"target\":{\"@type\":\"EntryPoint\",\"urlTemplate\":\"https:\/\/www.estetikden.com\/span\/?s={search_term_string}\"},\"query-input\":\"required name=search_term_string\"}],\"inLanguage\":\"tr\"}]}<\/script>\n<!-- \/ Yoast SEO plugin. -->","yoast_head_json":{"title":"Estetikden - Health Tourism - Health Tourism -Plastik Surgery","description":"\u201d TO MAKE YOU HEALTHY AND HAPPY \u201d WE ARE ALL OVER THE WORLD.","robots":{"index":"index","follow":"follow","max-snippet":"max-snippet:-1","max-image-preview":"max-image-preview:large","max-video-preview":"max-video-preview:-1"},"canonical":"https:\/\/www.estetikden.com\/span\/","og_locale":"tr_TR","og_type":"article","og_title":"Estetikden - Health Tourism - Health Tourism -Plastik Surgery","og_description":"\u201d TO MAKE YOU HEALTHY AND HAPPY \u201d WE ARE ALL OVER THE WORLD.","og_url":"https:\/\/www.estetikden.com\/span\/","og_site_name":"Estetikden - Health Tourism - Health Tourism -Plastik Surgery","article_publisher":"https:\/\/www.facebook.com\/estetikdenizi","article_modified_time":"2020-01-09T21:42:02+00:00","twitter_card":"summary_large_image","twitter_misc":{"Tahmini okuma s\u00fcresi":"1 dakika"},"schema":{"@context":"https:\/\/schema.org","@graph":[{"@type":"WebPage","@id":"https:\/\/www.estetikden.com\/span\/","url":"https:\/\/www.estetikden.com\/span\/","name":"Estetikden - Health Tourism - Health Tourism -Plastik Surgery","isPartOf":{"@id":"https:\/\/www.estetikden.com\/span\/#website"},"datePublished":"2017-12-22T22:00:45+00:00","dateModified":"2020-01-09T21:42:02+00:00","description":"\u201d TO MAKE YOU HEALTHY AND HAPPY \u201d WE ARE ALL OVER THE WORLD.","breadcrumb":{"@id":"https:\/\/www.estetikden.com\/span\/#breadcrumb"},"inLanguage":"tr","potentialAction":[{"@type":"ReadAction","target":["https:\/\/www.estetikden.com\/span\/"]}]},{"@type":"BreadcrumbList","@id":"https:\/\/www.estetikden.com\/span\/#breadcrumb","itemListElement":[{"@type":"ListItem","position":1,"name":"Ana sayfa","item":"https:\/\/www.estetikden.com\/span\/"},{"@type":"ListItem","position":2,"name":"PAGE D\u2019ACCUEIL"}]},{"@type":"WebSite","@id":"https:\/\/www.estetikden.com\/span\/#website","url":"https:\/\/www.estetikden.com\/span\/","name":"Estetikden - Health Tourism - Health Tourism -Plastik Surgery","description":"\u201d TO MAKE YOU HEALTHY AND HAPPY \u201d WE ARE ALL OVER THE WORLD.","potentialAction":[{"@type":"SearchAction","target":{"@type":"EntryPoint","urlTemplate":"https:\/\/www.estetikden.com\/span\/?s={search_term_string}"},"query-input":"required name=search_term_string"}],"inLanguage":"tr"}]}},"_links":{"self":[{"href":"https:\/\/www.estetikden.com\/span\/wp-json\/wp\/v2\/pages\/14"}],"collection":[{"href":"https:\/\/www.estetikden.com\/span\/wp-json\/wp\/v2\/pages"}],"about":[{"href":"https:\/\/www.estetikden.com\/span\/wp-json\/wp\/v2\/types\/page"}],"author":[{"embeddable":true,"href":"https:\/\/www.estetikden.com\/span\/wp-json\/wp\/v2\/users\/1"}],"replies":[{"embeddable":true,"href":"https:\/\/www.estetikden.com\/span\/wp-json\/wp\/v2\/comments?post=14"}],"version-history":[{"count":139,"href":"https:\/\/www.estetikden.com\/span\/wp-json\/wp\/v2\/pages\/14\/revisions"}],"predecessor-version":[{"id":831,"href":"https:\/\/www.estetikden.com\/span\/wp-json\/wp\/v2\/pages\/14\/revisions\/831"}],"wp:attachment":[{"href":"https:\/\/www.estetikden.com\/span\/wp-json\/wp\/v2\/media?parent=14"}],"curies":[{"name":"wp","href":"https:\/\/api.w.org\/{rel}","templated":true}]}}