{"id":11,"date":"2017-12-23T00:56:45","date_gmt":"2017-12-22T21:56:45","guid":{"rendered":"http:\/\/www.estetikden.com\/?page_id=11"},"modified":"2024-03-08T23:09:21","modified_gmt":"2024-03-08T20:09:21","slug":"contact","status":"publish","type":"page","link":"https:\/\/www.estetikden.com\/span\/contact\/","title":{"rendered":"Contact"},"content":{"rendered":"<div id=\"pl-11\"  class=\"panel-layout\" ><div id=\"pg-11-0\"  class=\"panel-grid panel-no-style\" ><div id=\"pgc-11-0-0\"  class=\"panel-grid-cell\" ><div id=\"panel-11-0-0-0\" class=\"so-panel widget widget_pw_contact_profile widget-contact-profile panel-first-child panel-last-child\" data-index=\"0\" >\t\t\t\t<div class=\"card  contact-profile\">\n\t\t\t\t\t\t\t\t\t\t<div class=\"card-block  contact-profile__container\">\n\t\t\t\t\t\t\t\t\t\t\t\t\t\t\t\t\t\t\t<h4 class=\"contact-profile__name\">Communication<\/h4>\n\t\t\t\t\t\t\t\t\t\t\t\t\t\t\t\t\t\t\t<div class=\"contact-profile__items\">\n\t\t\t\t\t\t\t\t\t\t\t\t\t\t\t\t\t<div class=\"contact-profile__item\">\n\t\t\t\t\t\t\t\t\t\t<div class=\"contact-profile__icon\">\n\t\t\t\t\t\t\t\t\t\t\t<i class=\"fa  fa-home\"><\/i>\n\t\t\t\t\t\t\t\t\t\t<\/div>\n\t\t\t\t\t\t\t\t\t\t<p class=\"contact-profile__text\">\n\t\t\t\t\t\t\t\t\t\t\tAdresse:Ayd\u0131nl\u0131 Mahallesi Hal yolu Caddesi No:17\/1 A Blok D:71 Dumankaya Botanik Sitesi 34953 Tuzla \/\u0130STANBUL\t\t\t\t\t\t\t\t\t\t<\/p>\n\t\t\t\t\t\t\t\t\t<\/div>\n\t\t\t\t\t\t\t\t\t\t\t\t\t\t\t\t\t<div class=\"contact-profile__item\">\n\t\t\t\t\t\t\t\t\t\t<div class=\"contact-profile__icon\">\n\t\t\t\t\t\t\t\t\t\t\t<i class=\"fa  fa-phone\"><\/i>\n\t\t\t\t\t\t\t\t\t\t<\/div>\n\t\t\t\t\t\t\t\t\t\t<p class=\"contact-profile__text\">\n\t\t\t\t\t\t\t\t\t\t\t+90 216 393 45 40\t\t\t\t\t\t\t\t\t\t<\/p>\n\t\t\t\t\t\t\t\t\t<\/div>\n\t\t\t\t\t\t\t\t\t\t\t\t\t\t\t\t\t<div class=\"contact-profile__item\">\n\t\t\t\t\t\t\t\t\t\t<div class=\"contact-profile__icon\">\n\t\t\t\t\t\t\t\t\t\t\t<i class=\"fa  fa-phone\"><\/i>\n\t\t\t\t\t\t\t\t\t\t<\/div>\n\t\t\t\t\t\t\t\t\t\t<p class=\"contact-profile__text\">\n\t\t\t\t\t\t\t\t\t\t\t+90 535 738 57 11\t\t\t\t\t\t\t\t\t\t<\/p>\n\t\t\t\t\t\t\t\t\t<\/div>\n\t\t\t\t\t\t\t\t\t\t\t\t\t\t\t\t\t<div class=\"contact-profile__item\">\n\t\t\t\t\t\t\t\t\t\t<div class=\"contact-profile__icon\">\n\t\t\t\t\t\t\t\t\t\t\t<i class=\"fa  fa-phone\"><\/i>\n\t\t\t\t\t\t\t\t\t\t<\/div>\n\t\t\t\t\t\t\t\t\t\t<p class=\"contact-profile__text\">\n\t\t\t\t\t\t\t\t\t\t\t+90 531 902 15 19\t\t\t\t\t\t\t\t\t\t<\/p>\n\t\t\t\t\t\t\t\t\t<\/div>\n\t\t\t\t\t\t\t\t\t\t\t\t\t\t\t\t\t<div class=\"contact-profile__item\">\n\t\t\t\t\t\t\t\t\t\t<div class=\"contact-profile__icon\">\n\t\t\t\t\t\t\t\t\t\t\t<i class=\"fa  fa-envelope\"><\/i>\n\t\t\t\t\t\t\t\t\t\t<\/div>\n\t\t\t\t\t\t\t\t\t\t<p class=\"contact-profile__text\">\n\t\t\t\t\t\t\t\t\t\t\tinfo@estetikden.com\t\t\t\t\t\t\t\t\t\t<\/p>\n\t\t\t\t\t\t\t\t\t<\/div>\n\t\t\t\t\t\t\t\t\t\t\t\t\t\t\t<\/div>\n\t\t\t\t\t\t\t\t\t\t\t\t\t\t\t\t\t<\/div>\n\t\t\t\t<\/div>\n\n\t\t\t<\/div><\/div><div id=\"pgc-11-0-1\"  class=\"panel-grid-cell\" ><div id=\"panel-11-0-1-0\" class=\"so-panel widget widget_text panel-first-child panel-last-child\" data-index=\"1\" >\t\t\t<div class=\"textwidget\"><h3>REJOIGNEZ-NOUS<\/h3>\n<div class=\"pirate_forms_container widget-no\" id=\"pirate_forms_container_default\">\n\t<!-- header --><\/p>\n<p>\t<!-- thank you --><\/p>\n<div class=\"pirate_forms_wrap\">\n\t<!-- errors --><\/p>\n<p>\t<!-- form --><\/p>\n<form\n\t\t\tmethod=\"post\"\n\t\t\tenctype=\"application\/x-www-form-urlencoded\"\n\t\t\tclass=\"pirate_forms  form_honeypot-on pirate-forms-contact-name-on pirate-forms-contact-email-on pirate-forms-contact-subject-on pirate-forms-contact-message-on pirate-forms-contact-submit-on pirate_forms_from_form-on\"\n\t\t\t\t\t><\/p>\n<div class=\"pirate_forms_three_inputs_wrap \">\n<div class=\"col-xs-12 pirate_forms_three_inputs form_field_wrap contact_name_wrap col-xs-12 col-sm-6 contact_name_wrap pirate_forms_three_inputs form_field_wrap\">\n\t\t<input type=\"text\" class=\"form-control\" id=\"pirate-forms-contact-name\" name=\"pirate-forms-contact-name\" class=\"\" placeholder=\"Votre nom \/ pr\u00e9nom\" required oninvalid=\"this.setCustomValidity('Ad\u0131n\u0131z\u0131 giriniz')\" onchange=\"this.setCustomValidity('')\" value=\"\" >\n<\/div>\n<div class=\"col-xs-12 pirate_forms_three_inputs form_field_wrap contact_email_wrap col-xs-12 col-sm-6 contact_email_wrap pirate_forms_three_inputs form_field_wrap\">\n\t\t<input type=\"email\" class=\"form-control\" id=\"pirate-forms-contact-email\" name=\"pirate-forms-contact-email\" class=\"\" placeholder=\"Votre email\" required oninvalid=\"this.setCustomValidity('Ge\u00e7erli e-posta girin')\" onchange=\"this.setCustomValidity('')\" value=\"\" >\n<\/div>\n<div class=\"col-xs-12 pirate_forms_three_inputs form_field_wrap contact_subject_wrap col-xs-12 contact_subject_wrap pirate_forms_three_inputs form_field_wrap\">\n\t\t<input type=\"text\" class=\"form-control\" id=\"pirate-forms-contact-subject\" name=\"pirate-forms-contact-subject\" class=\"\" placeholder=\"Le Sujet\" required oninvalid=\"this.setCustomValidity('L\u00fctfen bir konu girin')\" onchange=\"this.setCustomValidity('')\" value=\"\" >\n<\/div>\n<\/p><\/div>\n<div class=\"col-xs-12 form_field_wrap contact_message_wrap col-xs-12 contact_message_wrap pirate_forms_three_inputs form_field_wrap\">\n\t\t<textarea rows=\"5\" cols=\"30\" class=\"form-control\" id=\"pirate-forms-contact-message\" name=\"pirate-forms-contact-message\" class=\"\" placeholder=\"Ecrivez un message\" required oninvalid=\"this.setCustomValidity('Sorunuzu veya yorumunuzu girin')\" onchange=\"this.setCustomValidity('')\" ><\/textarea>\n<\/div>\n<div class=\"col-xs-12 form_field_wrap contact_submit_wrap\">\n\t<button type=\"submit\" class=\"pirate-forms-submit-button btn btn-primary \" id=\"pirate-forms-contact-submit\" name=\"pirate-forms-contact-submit\" class=\"pirate-forms-submit-button btn btn-primary \" placeholder=\"\" >Soumettre<\/button>\n<\/div>\n<p><input type=\"hidden\" id=\"pirate_forms_ajax\" name=\"pirate_forms_ajax\" class=\"\" placeholder=\"\"  value=\"0\"><\/p>\n<div class=\"form_field_wrap hidden\" style=\"display: none\"><input type=\"text\" id=\"form_honeypot\" name=\"honeypot\" class=\"\" placeholder=\"\"  value=\"\"><\/div>\n<p><input type=\"hidden\" id=\"pirate_forms_from_widget\" name=\"pirate_forms_from_widget\" class=\"\" placeholder=\"\"  value=\"0\"><input type=\"hidden\" id=\"pirate_forms_from_form\" name=\"pirate_forms_from_form\" class=\"\" placeholder=\"\"  value=\"dffee81b46\">\t\t<\/form>\n<div class=\"pirate_forms_clearfix\"><\/div>\n<\/p><\/div>\n<p>\t<!-- footer --><\/p>\n<\/div>\n<\/div>\n\t\t<\/div><\/div><\/div><\/div>","protected":false},"excerpt":{"rendered":"<p>REJOIGNEZ-NOUS<\/p>\n","protected":false},"author":1,"featured_media":0,"parent":0,"menu_order":0,"comment_status":"closed","ping_status":"closed","template":"","meta":{"_acf_changed":false,"footnotes":""},"wppr_data":{"cwp_meta_box_check":"No"},"acf":[],"yoast_head":"<!-- This site is optimized with the Yoast SEO plugin v22.2 - https:\/\/yoast.com\/wordpress\/plugins\/seo\/ -->\n<title>Contact - Estetikden - Health Tourism - Health Tourism -Plastik Surgery<\/title>\n<meta name=\"robots\" content=\"index, follow, max-snippet:-1, max-image-preview:large, max-video-preview:-1\" \/>\n<link rel=\"canonical\" href=\"https:\/\/www.estetikden.com\/span\/contact\/\" \/>\n<meta property=\"og:locale\" content=\"tr_TR\" \/>\n<meta property=\"og:type\" content=\"article\" \/>\n<meta property=\"og:title\" content=\"Contact - Estetikden - Health Tourism - Health Tourism -Plastik Surgery\" \/>\n<meta property=\"og:description\" content=\"REJOIGNEZ-NOUS\" \/>\n<meta property=\"og:url\" content=\"https:\/\/www.estetikden.com\/span\/contact\/\" \/>\n<meta property=\"og:site_name\" content=\"Estetikden - Health Tourism - Health Tourism -Plastik Surgery\" \/>\n<meta property=\"article:publisher\" content=\"https:\/\/www.facebook.com\/estetikdenizi\" \/>\n<meta property=\"article:modified_time\" content=\"2024-03-08T20:09:21+00:00\" \/>\n<meta name=\"twitter:card\" content=\"summary_large_image\" \/>\n<meta name=\"twitter:label1\" content=\"Tahmini okuma s\u00fcresi\" \/>\n\t<meta name=\"twitter:data1\" content=\"1 dakika\" \/>\n<script type=\"application\/ld+json\" class=\"yoast-schema-graph\">{\"@context\":\"https:\/\/schema.org\",\"@graph\":[{\"@type\":\"WebPage\",\"@id\":\"https:\/\/www.estetikden.com\/span\/contact\/\",\"url\":\"https:\/\/www.estetikden.com\/span\/contact\/\",\"name\":\"Contact - Estetikden - Health Tourism - Health Tourism -Plastik Surgery\",\"isPartOf\":{\"@id\":\"https:\/\/www.estetikden.com\/span\/#website\"},\"datePublished\":\"2017-12-22T21:56:45+00:00\",\"dateModified\":\"2024-03-08T20:09:21+00:00\",\"breadcrumb\":{\"@id\":\"https:\/\/www.estetikden.com\/span\/contact\/#breadcrumb\"},\"inLanguage\":\"tr\",\"potentialAction\":[{\"@type\":\"ReadAction\",\"target\":[\"https:\/\/www.estetikden.com\/span\/contact\/\"]}]},{\"@type\":\"BreadcrumbList\",\"@id\":\"https:\/\/www.estetikden.com\/span\/contact\/#breadcrumb\",\"itemListElement\":[{\"@type\":\"ListItem\",\"position\":1,\"name\":\"Ana sayfa\",\"item\":\"https:\/\/www.estetikden.com\/span\/\"},{\"@type\":\"ListItem\",\"position\":2,\"name\":\"Contact\"}]},{\"@type\":\"WebSite\",\"@id\":\"https:\/\/www.estetikden.com\/span\/#website\",\"url\":\"https:\/\/www.estetikden.com\/span\/\",\"name\":\"Estetikden - Health Tourism - Health Tourism -Plastik Surgery\",\"description\":\"\u201d TO MAKE YOU HEALTHY AND HAPPY \u201d WE ARE ALL OVER THE WORLD.\",\"potentialAction\":[{\"@type\":\"SearchAction\",\"target\":{\"@type\":\"EntryPoint\",\"urlTemplate\":\"https:\/\/www.estetikden.com\/span\/?s={search_term_string}\"},\"query-input\":\"required name=search_term_string\"}],\"inLanguage\":\"tr\"}]}<\/script>\n<!-- \/ Yoast SEO plugin. -->","yoast_head_json":{"title":"Contact - Estetikden - Health Tourism - Health Tourism -Plastik Surgery","robots":{"index":"index","follow":"follow","max-snippet":"max-snippet:-1","max-image-preview":"max-image-preview:large","max-video-preview":"max-video-preview:-1"},"canonical":"https:\/\/www.estetikden.com\/span\/contact\/","og_locale":"tr_TR","og_type":"article","og_title":"Contact - Estetikden - Health Tourism - Health Tourism -Plastik Surgery","og_description":"REJOIGNEZ-NOUS","og_url":"https:\/\/www.estetikden.com\/span\/contact\/","og_site_name":"Estetikden - Health Tourism - Health Tourism -Plastik Surgery","article_publisher":"https:\/\/www.facebook.com\/estetikdenizi","article_modified_time":"2024-03-08T20:09:21+00:00","twitter_card":"summary_large_image","twitter_misc":{"Tahmini okuma s\u00fcresi":"1 dakika"},"schema":{"@context":"https:\/\/schema.org","@graph":[{"@type":"WebPage","@id":"https:\/\/www.estetikden.com\/span\/contact\/","url":"https:\/\/www.estetikden.com\/span\/contact\/","name":"Contact - Estetikden - Health Tourism - Health Tourism -Plastik Surgery","isPartOf":{"@id":"https:\/\/www.estetikden.com\/span\/#website"},"datePublished":"2017-12-22T21:56:45+00:00","dateModified":"2024-03-08T20:09:21+00:00","breadcrumb":{"@id":"https:\/\/www.estetikden.com\/span\/contact\/#breadcrumb"},"inLanguage":"tr","potentialAction":[{"@type":"ReadAction","target":["https:\/\/www.estetikden.com\/span\/contact\/"]}]},{"@type":"BreadcrumbList","@id":"https:\/\/www.estetikden.com\/span\/contact\/#breadcrumb","itemListElement":[{"@type":"ListItem","position":1,"name":"Ana sayfa","item":"https:\/\/www.estetikden.com\/span\/"},{"@type":"ListItem","position":2,"name":"Contact"}]},{"@type":"WebSite","@id":"https:\/\/www.estetikden.com\/span\/#website","url":"https:\/\/www.estetikden.com\/span\/","name":"Estetikden - Health Tourism - Health Tourism -Plastik Surgery","description":"\u201d TO MAKE YOU HEALTHY AND HAPPY \u201d WE ARE ALL OVER THE WORLD.","potentialAction":[{"@type":"SearchAction","target":{"@type":"EntryPoint","urlTemplate":"https:\/\/www.estetikden.com\/span\/?s={search_term_string}"},"query-input":"required name=search_term_string"}],"inLanguage":"tr"}]}},"_links":{"self":[{"href":"https:\/\/www.estetikden.com\/span\/wp-json\/wp\/v2\/pages\/11"}],"collection":[{"href":"https:\/\/www.estetikden.com\/span\/wp-json\/wp\/v2\/pages"}],"about":[{"href":"https:\/\/www.estetikden.com\/span\/wp-json\/wp\/v2\/types\/page"}],"author":[{"embeddable":true,"href":"https:\/\/www.estetikden.com\/span\/wp-json\/wp\/v2\/users\/1"}],"replies":[{"embeddable":true,"href":"https:\/\/www.estetikden.com\/span\/wp-json\/wp\/v2\/comments?post=11"}],"version-history":[{"count":21,"href":"https:\/\/www.estetikden.com\/span\/wp-json\/wp\/v2\/pages\/11\/revisions"}],"predecessor-version":[{"id":835,"href":"https:\/\/www.estetikden.com\/span\/wp-json\/wp\/v2\/pages\/11\/revisions\/835"}],"wp:attachment":[{"href":"https:\/\/www.estetikden.com\/span\/wp-json\/wp\/v2\/media?parent=11"}],"curies":[{"name":"wp","href":"https:\/\/api.w.org\/{rel}","templated":true}]}}