{"id":14,"date":"2017-12-23T01:00:45","date_gmt":"2017-12-22T22:00:45","guid":{"rendered":"http:\/\/www.estetikden.com\/?page_id=14"},"modified":"2024-03-08T20:48:35","modified_gmt":"2024-03-08T17:48:35","slug":"anasayfa","status":"publish","type":"page","link":"https:\/\/www.estetikden.com\/eng\/","title":{"rendered":"Home Page"},"content":{"rendered":"<div id=\"pl-14\"  class=\"panel-layout\" ><div id=\"pg-14-0\"  class=\"panel-grid panel-no-style\" ><div id=\"pgc-14-0-0\"  class=\"panel-grid-cell\" ><div id=\"panel-14-0-0-0\" class=\"so-panel widget widget_rev-slider-widget widget_revslider panel-first-child panel-last-child\" data-index=\"0\" ><\/div><\/div><\/div><div id=\"pg-14-1\"  class=\"panel-grid panel-has-style\" ><div class=\"siteorigin-panels-stretch panel-row-style panel-row-style-for-14-1\" data-stretch-type=\"full\" ><div id=\"pgc-14-1-0\"  class=\"panel-grid-cell\" ><div id=\"panel-14-1-0-0\" class=\"so-panel widget widget_text panel-first-child panel-last-child\" data-index=\"1\" >\t\t\t<div class=\"textwidget\"><h3><span style=\"color: #00ffde;\">&#8221; TO MAKE YOU HEALTHY AND HAPPY &#8221; <\/span><span style=\"color: #ffffff;\">WE ARE ALL OVER THE WORLD.<\/span><\/h3>\n<\/div>\n\t\t<\/div><\/div><\/div><\/div><div id=\"pg-14-2\"  class=\"panel-grid panel-has-style\" ><div class=\"jumbotron-overlap panel-row-style panel-row-style-for-14-2\" ><div id=\"pgc-14-2-0\"  class=\"panel-grid-cell\" ><div id=\"panel-14-2-0-0\" class=\"so-panel widget widget_pw_featured_page widget-featured-page panel-first-child panel-last-child\" data-index=\"2\" >\n\t<div class=\"page-box  page-box--block\">\n\t\t\t\t\t\t<a class=\"page-box__picture\" href=\"https:\/\/www.estetikden.com\/eng\/free-examination\/\">\n\t\t\t\t\t<img loading=\"lazy\" decoding=\"async\" src=\"https:\/\/www.estetikden.com\/eng\/wp-content\/uploads\/2019\/03\/siziarayalim.jpg\" width=\"352\" height=\"198\" srcset=\"https:\/\/www.estetikden.com\/eng\/wp-content\/uploads\/2019\/03\/siziarayalim.jpg 352w, https:\/\/www.estetikden.com\/eng\/wp-content\/uploads\/2019\/03\/siziarayalim.jpg 352w\" sizes=\"(min-width: 1200px) 349px, (min-width: 992px) 282px, (min-width: 768px) 690px, calc(100vw - 30px)\" class=\"wp-post-image\" alt=\"Free Examination\">\n\t\t\t\t\t\t\t\t\t<\/a>\n\t\t\t\t\t\t\t\t<div class=\"page-box__content\">\n\t\t\t<h4 class=\"page-box__title\"><a href=\"https:\/\/www.estetikden.com\/eng\/free-examination\/\">Free Examination<\/a><\/h4>\n\t\t\t<p class=\"page-box__text\">Do you need plastic surgery? Let's consider it together in our clinic.<\/p>\n\t\t\t\t\t<\/div>\n\t<\/div>\n\n<\/div><\/div><div id=\"pgc-14-2-1\"  class=\"panel-grid-cell\" ><div id=\"panel-14-2-1-0\" class=\"so-panel widget widget_pw_featured_page widget-featured-page panel-first-child panel-last-child\" data-index=\"3\" >\n\t<div class=\"page-box  page-box--block\">\n\t\t\t\t\t\t<a class=\"page-box__picture\" href=\"https:\/\/www.estetikden.com\/eng\/send-us-your-photos\/\">\n\t\t\t\t\t<img loading=\"lazy\" decoding=\"async\" src=\"https:\/\/www.estetikden.com\/eng\/wp-content\/uploads\/2019\/03\/ucretsiz.jpg\" width=\"352\" height=\"198\" srcset=\"https:\/\/www.estetikden.com\/eng\/wp-content\/uploads\/2019\/03\/ucretsiz.jpg 352w, https:\/\/www.estetikden.com\/eng\/wp-content\/uploads\/2019\/03\/ucretsiz.jpg 352w\" sizes=\"(min-width: 1200px) 349px, (min-width: 992px) 282px, (min-width: 768px) 690px, calc(100vw - 30px)\" class=\"wp-post-image\" alt=\"Send us your photos\">\n\t\t\t\t\t\t\t\t\t<\/a>\n\t\t\t\t\t\t\t\t<div class=\"page-box__content\">\n\t\t\t<h4 class=\"page-box__title\"><a href=\"https:\/\/www.estetikden.com\/eng\/send-us-your-photos\/\">Send us your photos<\/a><\/h4>\n\t\t\t<p class=\"page-box__text\">With the expert consultation, you can learn the most suitable aesthetic solution immediately.<\/p>\n\t\t\t\t\t<\/div>\n\t<\/div>\n\n<\/div><\/div><div id=\"pgc-14-2-2\"  class=\"panel-grid-cell\" ><div id=\"panel-14-2-2-0\" class=\"so-panel widget widget_pw_featured_page widget-featured-page panel-first-child panel-last-child\" data-index=\"4\" >\n\t<div class=\"page-box  page-box--block\">\n\t\t\t\t\t\t<a class=\"page-box__picture\" href=\"https:\/\/www.estetikden.com\/eng\/special-price-for-youlearn-now\/\">\n\t\t\t\t\t<img loading=\"lazy\" decoding=\"async\" src=\"https:\/\/www.estetikden.com\/eng\/wp-content\/uploads\/2019\/03\/sizeozel.jpg\" width=\"352\" height=\"198\" srcset=\"https:\/\/www.estetikden.com\/eng\/wp-content\/uploads\/2019\/03\/sizeozel.jpg 352w, https:\/\/www.estetikden.com\/eng\/wp-content\/uploads\/2019\/03\/sizeozel.jpg 352w\" sizes=\"(min-width: 1200px) 349px, (min-width: 992px) 282px, (min-width: 768px) 690px, calc(100vw - 30px)\" class=\"wp-post-image\" alt=\"SPECIAL PRICE FOR YOU,LEARN NOW\">\n\t\t\t\t\t\t\t\t\t<\/a>\n\t\t\t\t\t\t\t\t<div class=\"page-box__content\">\n\t\t\t<h4 class=\"page-box__title\"><a href=\"https:\/\/www.estetikden.com\/eng\/special-price-for-youlearn-now\/\">SPECIAL PRICE FOR YOU,LEARN NOW<\/a><\/h4>\n\t\t\t<p class=\"page-box__text\">Please contact us for information about the desired medicines and for your request.<\/p>\n\t\t\t\t\t<\/div>\n\t<\/div>\n\n<\/div><\/div><\/div><\/div><div id=\"pg-14-3\"  class=\"panel-grid panel-has-style\" ><div class=\"siteorigin-panels-stretch panel-row-style panel-row-style-for-14-3\" data-stretch-type=\"full\" ><div id=\"pgc-14-3-0\"  class=\"panel-grid-cell\" ><div id=\"panel-14-3-0-0\" class=\"so-panel widget widget_pw_portfolio_grid widget-portfolio-grid panel-first-child panel-last-child\" data-index=\"5\" >\t\t\t\t\t<div class=\"portfolio-grid  portfolio-grid--slider\" data-type=\"slider\">\n\t\t\t\t\t\t\t\t\t\t<nav class=\"portfolio-grid__header\">\n\t\t\t\t\t<a href=\"#\" class=\"portfolio-grid__mobile-filter  js-filter  btn  btn-primary  btn-sm  hidden-lg-up\">\n\t\t\t\t\t\t<span class=\"fa  fa-filter\"><\/span> &nbsp;\n\t\t\t\t\t\tFILTER\t\t\t\t\t<\/a>\n\n\t\t\t\t\t\t\t\t\t\t\t<h3 class=\"portfolio-grid__title\"> Aesthetics invites you to a new world!<\/h3>\n\t\t\t\t\t\n\t\t\t\t\t<ul class=\"portfolio-grid__nav  js-wpg-nav-holder\">\n\t\t\t\t\t\t<li class=\"portfolio-grid__nav-item  is-active\" >\n\t\t\t\t\t\t\t<a href=\"#widget-3-0-0-all\" data-category=\"*\" class=\"portfolio-grid__nav-link  js-wpg-nav\">ALL SECTIONS<\/a>\n\t\t\t\t\t\t<\/li>\n\t\t\t\t\t\t\t\t\t\t\t\t\t<li class=\"portfolio-grid__nav-item\">\n\t\t\t\t\t\t\t\t<a href=\"#widget-3-0-0-estetik\" data-category=\"estetik\" class=\"portfolio-grid__nav-link  js-wpg-nav\">Estetik<\/a>\n\t\t\t\t\t\t\t<\/li>\n\t\t\t\t\t\t\t\t\t\t\t<\/ul>\n\t\t\t\t<\/nav>\n\t\t\t\t\t\t\t\t\t<div id=\"portfolio-grid-widget-3-0-0\" class=\"carousel  slide\" data-ride=\"carousel\" data-interval=\"false\">\n\t\t\t\t\t\t\t<div class=\"carousel-inner  js-wpg-items\" role=\"listbox\">\n\t\t\t\t\t\t\t\t<div class=\"carousel-item  active\">\n\t\t\t\t\t\t\t\t\t<div class=\"row\">\n\t\t\t\t\t\t\t\t\t\t\t\t\t<div class=\"col-xs-12  col-sm-6  col-lg-3  js-wpg-item\" data-categories=\"estetik\">\n\t\t\t\t<a class=\"card  portfolio-grid__card  js-wpg-card\" href=\"https:\/\/www.estetikden.com\/eng\/portfolio\/542\/\">\n\t\t\t\t\t<img loading=\"lazy\" decoding=\"async\" width=\"352\" height=\"198\" src=\"https:\/\/www.estetikden.com\/eng\/wp-content\/uploads\/2019\/03\/dolgu-352x198.jpg\" class=\"card-img-top  portfolio-grid__card-img wp-post-image\" alt=\"\" srcset=\"https:\/\/www.estetikden.com\/eng\/wp-content\/uploads\/2019\/03\/dolgu-352x198.jpg 352w, https:\/\/www.estetikden.com\/eng\/wp-content\/uploads\/2019\/03\/dolgu-360x204.jpg 360w\" sizes=\"(max-width: 352px) 100vw, 352px\" \/>\t\t\t\t\t<div class=\"card-block  portfolio-grid__card-block\">\n\t\t\t\t\t\t\t\t\t\t\t\t<h5 class=\"card-title  portfolio-grid__card-title\">KOMB\u0130NE ESTET\u0130K<\/h5>\n\t\t\t\t\t\t\t\t\t\t\t<\/div>\n\t\t\t\t<\/a>\n\t\t\t<\/div>\n\t\t\t\t\t\t<div class=\"col-xs-12  col-sm-6  col-lg-3  js-wpg-item\" data-categories=\"estetik\">\n\t\t\t\t<a class=\"card  portfolio-grid__card  js-wpg-card\" href=\"https:\/\/www.estetikden.com\/eng\/portfolio\/yuz-germe-ameliyati\/\">\n\t\t\t\t\t<img loading=\"lazy\" decoding=\"async\" width=\"352\" height=\"198\" src=\"https:\/\/www.estetikden.com\/eng\/wp-content\/uploads\/2019\/03\/yuzestetigi-352x198.jpg\" class=\"card-img-top  portfolio-grid__card-img wp-post-image\" alt=\"\" srcset=\"https:\/\/www.estetikden.com\/eng\/wp-content\/uploads\/2019\/03\/yuzestetigi-352x198.jpg 352w, https:\/\/www.estetikden.com\/eng\/wp-content\/uploads\/2019\/03\/yuzestetigi-360x204.jpg 360w\" sizes=\"(max-width: 352px) 100vw, 352px\" \/>\t\t\t\t\t<div class=\"card-block  portfolio-grid__card-block\">\n\t\t\t\t\t\t\t\t\t\t\t\t<h5 class=\"card-title  portfolio-grid__card-title\">Y\u00dcZ GERME AMEL\u0130YATI<\/h5>\n\t\t\t\t\t\t\t\t\t\t\t<\/div>\n\t\t\t\t<\/a>\n\t\t\t<\/div>\n\t\t\t\t\t\t<div class=\"col-xs-12  col-sm-6  col-lg-3  js-wpg-item\" data-categories=\"estetik\">\n\t\t\t\t<a class=\"card  portfolio-grid__card  js-wpg-card\" href=\"https:\/\/www.estetikden.com\/eng\/portfolio\/fue-sac-ekimi\/\">\n\t\t\t\t\t<img loading=\"lazy\" decoding=\"async\" width=\"352\" height=\"198\" src=\"https:\/\/www.estetikden.com\/eng\/wp-content\/uploads\/2019\/03\/sacekimi-1-352x198.jpg\" class=\"card-img-top  portfolio-grid__card-img wp-post-image\" alt=\"\" srcset=\"https:\/\/www.estetikden.com\/eng\/wp-content\/uploads\/2019\/03\/sacekimi-1-352x198.jpg 352w, https:\/\/www.estetikden.com\/eng\/wp-content\/uploads\/2019\/03\/sacekimi-1-360x204.jpg 360w\" sizes=\"(max-width: 352px) 100vw, 352px\" \/>\t\t\t\t\t<div class=\"card-block  portfolio-grid__card-block\">\n\t\t\t\t\t\t\t\t\t\t\t\t<h5 class=\"card-title  portfolio-grid__card-title\">FUE SA\u00c7 EK\u0130M\u0130<\/h5>\n\t\t\t\t\t\t\t\t\t\t\t<\/div>\n\t\t\t\t<\/a>\n\t\t\t<\/div>\n\t\t\t\t\t\t<div class=\"col-xs-12  col-sm-6  col-lg-3  js-wpg-item\" data-categories=\"estetik\">\n\t\t\t\t<a class=\"card  portfolio-grid__card  js-wpg-card\" href=\"https:\/\/www.estetikden.com\/eng\/portfolio\/tummy-tuck-abdominoplasty\/\">\n\t\t\t\t\t<img loading=\"lazy\" decoding=\"async\" width=\"352\" height=\"198\" src=\"https:\/\/www.estetikden.com\/eng\/wp-content\/uploads\/2019\/03\/karingerme-352x198.jpg\" class=\"card-img-top  portfolio-grid__card-img wp-post-image\" alt=\"\" srcset=\"https:\/\/www.estetikden.com\/eng\/wp-content\/uploads\/2019\/03\/karingerme-352x198.jpg 352w, https:\/\/www.estetikden.com\/eng\/wp-content\/uploads\/2019\/03\/karingerme-360x204.jpg 360w\" sizes=\"(max-width: 352px) 100vw, 352px\" \/>\t\t\t\t\t<div class=\"card-block  portfolio-grid__card-block\">\n\t\t\t\t\t\t\t\t\t\t\t\t<h5 class=\"card-title  portfolio-grid__card-title\">TUMMY TUCK\/ABDOMINOPLASTY<\/h5>\n\t\t\t\t\t\t\t\t\t\t\t<\/div>\n\t\t\t\t<\/a>\n\t\t\t<\/div>\n\t\t\t<\/div><\/div><div class=\"carousel-item\"><div class=\"row\">\t\t\t<div class=\"col-xs-12  col-sm-6  col-lg-3  js-wpg-item\" data-categories=\"estetik\">\n\t\t\t\t<a class=\"card  portfolio-grid__card  js-wpg-card\" href=\"https:\/\/www.estetikden.com\/eng\/portfolio\/face-lift-neck-lift\/\">\n\t\t\t\t\t<img loading=\"lazy\" decoding=\"async\" width=\"352\" height=\"198\" src=\"https:\/\/www.estetikden.com\/eng\/wp-content\/uploads\/2019\/03\/yuzgerme-1-352x198.jpg\" class=\"card-img-top  portfolio-grid__card-img wp-post-image\" alt=\"\" srcset=\"https:\/\/www.estetikden.com\/eng\/wp-content\/uploads\/2019\/03\/yuzgerme-1-352x198.jpg 352w, https:\/\/www.estetikden.com\/eng\/wp-content\/uploads\/2019\/03\/yuzgerme-1-360x204.jpg 360w\" sizes=\"(max-width: 352px) 100vw, 352px\" \/>\t\t\t\t\t<div class=\"card-block  portfolio-grid__card-block\">\n\t\t\t\t\t\t\t\t\t\t\t\t<h5 class=\"card-title  portfolio-grid__card-title\">FACE L\u0130FT \u2013 NECK L\u0130FT<\/h5>\n\t\t\t\t\t\t\t\t\t\t\t<\/div>\n\t\t\t\t<\/a>\n\t\t\t<\/div>\n\t\t\t\t\t\t<div class=\"col-xs-12  col-sm-6  col-lg-3  js-wpg-item\" data-categories=\"estetik\">\n\t\t\t\t<a class=\"card  portfolio-grid__card  js-wpg-card\" href=\"https:\/\/www.estetikden.com\/eng\/portfolio\/breast-reduction\/\">\n\t\t\t\t\t<img loading=\"lazy\" decoding=\"async\" width=\"352\" height=\"198\" src=\"https:\/\/www.estetikden.com\/eng\/wp-content\/uploads\/2019\/03\/memekucultme-2-352x198.jpg\" class=\"card-img-top  portfolio-grid__card-img wp-post-image\" alt=\"\" srcset=\"https:\/\/www.estetikden.com\/eng\/wp-content\/uploads\/2019\/03\/memekucultme-2-352x198.jpg 352w, https:\/\/www.estetikden.com\/eng\/wp-content\/uploads\/2019\/03\/memekucultme-2-360x204.jpg 360w\" sizes=\"(max-width: 352px) 100vw, 352px\" \/>\t\t\t\t\t<div class=\"card-block  portfolio-grid__card-block\">\n\t\t\t\t\t\t\t\t\t\t\t\t<h5 class=\"card-title  portfolio-grid__card-title\">BREAST REDUCTION<\/h5>\n\t\t\t\t\t\t\t\t\t\t\t<\/div>\n\t\t\t\t<\/a>\n\t\t\t<\/div>\n\t\t\t\t\t\t<div class=\"col-xs-12  col-sm-6  col-lg-3  js-wpg-item\" data-categories=\"estetik\">\n\t\t\t\t<a class=\"card  portfolio-grid__card  js-wpg-card\" href=\"https:\/\/www.estetikden.com\/eng\/portfolio\/ear-aesthetics\/\">\n\t\t\t\t\t<img loading=\"lazy\" decoding=\"async\" width=\"352\" height=\"198\" src=\"https:\/\/www.estetikden.com\/eng\/wp-content\/uploads\/2019\/09\/kulak-estetig\u0130-352x198.jpg\" class=\"card-img-top  portfolio-grid__card-img wp-post-image\" alt=\"\" srcset=\"https:\/\/www.estetikden.com\/eng\/wp-content\/uploads\/2019\/09\/kulak-estetig\u0130-352x198.jpg 352w, https:\/\/www.estetikden.com\/eng\/wp-content\/uploads\/2019\/09\/kulak-estetig\u0130-360x204.jpg 360w\" sizes=\"(max-width: 352px) 100vw, 352px\" \/>\t\t\t\t\t<div class=\"card-block  portfolio-grid__card-block\">\n\t\t\t\t\t\t\t\t\t\t\t\t<h5 class=\"card-title  portfolio-grid__card-title\">EAR AESTHETICS<\/h5>\n\t\t\t\t\t\t\t\t\t\t\t<\/div>\n\t\t\t\t<\/a>\n\t\t\t<\/div>\n\t\t\t\t\t\t\t\t\t\t\t\t<\/div>\n\t\t\t\t\t\t\t\t<\/div>\n\t\t\t\t\t\t\t<\/div>\n\t\t\t\t\t\t<\/div>\n\n\t\t\t\t\t\t<!-- <div class=\"portfolio-grid__arrows  js-wpg-arrows\"> -->\n\t\t\t\t\t\t\t<a class=\"portfolio-grid__arrow  portfolio-grid__arrow--left\" href=\"#portfolio-grid-widget-3-0-0\" role=\"button\" data-slide=\"prev\">\n\t\t\t\t\t\t\t\t<span class=\"fa fa-long-arrow-left\" aria-hidden=\"true\"><\/span>\n\t\t\t\t\t\t\t\t<span class=\"sr-only\">\u00d6nceki<\/span>\n\t\t\t\t\t\t\t<\/a><a class=\"portfolio-grid__arrow  portfolio-grid__arrow--right\" href=\"#portfolio-grid-widget-3-0-0\" role=\"button\" data-slide=\"next\">\n\t\t\t\t\t\t\t\t<span class=\"fa fa-long-arrow-right\" aria-hidden=\"true\"><\/span>\n\t\t\t\t\t\t\t\t<span class=\"sr-only\">Sonraki<\/span>\n\t\t\t\t\t\t\t<\/a>\n\t\t\t\t\t\t<!-- <\/div> -->\n\n\t\t\t\t\t<\/div>\n\t\t\t\t\t<\/div><\/div><\/div><\/div><div id=\"pg-14-4\"  class=\"panel-grid panel-no-style\" ><div id=\"pgc-14-4-0\"  class=\"panel-grid-cell\" ><div id=\"panel-14-4-0-0\" class=\"so-panel widget widget_sow-editor panel-first-child panel-last-child\" data-index=\"6\" ><div\n\t\t\t\n\t\t\tclass=\"so-widget-sow-editor so-widget-sow-editor-base\"\n\t\t\t\n\t\t>\n<div class=\"siteorigin-widget-tinymce textwidget\">\n\t<a class=\"btn  btn-primary  js-funky-box  btn-funky  is-btn-title\" href=\"\/hakkimizda\/\" target=\"_self\"> ABOUT US<\/a>\n<p>&nbsp;<\/p>\n<h2 style=\"font-weight: 300\">Due to 15 years experience, we are able to realize all your aesthetic expectations and in the best possible ways find out best solutions.<\/h2>\n<p>Our hair transplantation and aesthetic operations are performed by Plastic Surgery Specialist Dr. \u0130smail B\u00fcy\u00fck\u00e7ay\u0131r and his high qualified  team on base of ''Etiler'' and ''Anotomica'' Hospitals.<\/p>\n<p>Within the framework of Health Tourism, we assist our patients in all matters including accommodation, transfer, health services and medicines. Our patients come from about 35 countries including the Arabian, Asian, US and especially  European countries.<\/p>\n<p>Our goal as a part of Aesthetics Medicine is to produce the necessary solutions for you to have a healthy appearance and to increase your life quality.<\/p>\n<\/div>\n<\/div><\/div><\/div><\/div><div id=\"pg-14-5\"  class=\"panel-grid panel-has-style\" ><div class=\"siteorigin-panels-stretch panel-row-style panel-row-style-for-14-5\" data-stretch-type=\"full\" ><div id=\"pgc-14-5-0\"  class=\"panel-grid-cell\" ><div id=\"panel-14-5-0-0\" class=\"so-panel widget widget_text panel-first-child panel-last-child\" data-index=\"7\" >\t\t\t<div class=\"textwidget\"><h1 style=\"color: #fff; font-size: 41px;\"><strong>ASK QUESTION, LET&#8217;S SAY<\/strong><\/h1>\n<p style=\"color: white; font-size: 21px;\">You can contact us for any questions you may have about all transactions!<\/p>\n<\/div>\n\t\t<\/div><\/div><div id=\"pgc-14-5-1\"  class=\"panel-grid-cell\" ><div id=\"panel-14-5-1-0\" class=\"so-panel widget widget_pw_icon_box widget-icon-box panel-first-child panel-last-child\" data-index=\"8\" >\n\t\t\t<a class=\"icon-box\" href=\"https:\/\/www.estetikden.com\/eng\/contact\/\" target=\"_self\">\n\t\n\t\t<i class=\"fa  fa-comments-o\"><\/i>\n\t\t<h4 class=\"icon-box__title\"><p><\/p> <\/h4>\n\t\t<span class=\"icon-box__subtitle\"><span style=\"color: #a1d3ff !important;font-size: 30px\"><strong>CONTACT US<\/strong><\/span>     <\/span>\n\n\t\t\t<\/a>\n\t\n<\/div><\/div><\/div><\/div><\/div>","protected":false},"excerpt":{"rendered":"<p>&#8221; TO MAKE YOU HEALTHY AND HAPPY &#8221; WE ARE ALL OVER THE WORLD. &nbsp; Due to 15 years experience, we are able to realize all your aesthetic expectations and in the best possible ways find out best solutions. Our hair transplantation and aesthetic operations are performed by Plastic Surgery Specialist Dr. \u0130smail B\u00fcy\u00fck\u00e7ay\u0131r and &hellip;<\/p>\n","protected":false},"author":1,"featured_media":0,"parent":0,"menu_order":0,"comment_status":"closed","ping_status":"closed","template":"","meta":{"_acf_changed":false,"footnotes":""},"wppr_data":{"cwp_meta_box_check":"No"},"acf":[],"_links":{"self":[{"href":"https:\/\/www.estetikden.com\/eng\/wp-json\/wp\/v2\/pages\/14"}],"collection":[{"href":"https:\/\/www.estetikden.com\/eng\/wp-json\/wp\/v2\/pages"}],"about":[{"href":"https:\/\/www.estetikden.com\/eng\/wp-json\/wp\/v2\/types\/page"}],"author":[{"embeddable":true,"href":"https:\/\/www.estetikden.com\/eng\/wp-json\/wp\/v2\/users\/1"}],"replies":[{"embeddable":true,"href":"https:\/\/www.estetikden.com\/eng\/wp-json\/wp\/v2\/comments?post=14"}],"version-history":[{"count":124,"href":"https:\/\/www.estetikden.com\/eng\/wp-json\/wp\/v2\/pages\/14\/revisions"}],"predecessor-version":[{"id":241,"href":"https:\/\/www.estetikden.com\/eng\/wp-json\/wp\/v2\/pages\/14\/revisions\/241"}],"wp:attachment":[{"href":"https:\/\/www.estetikden.com\/eng\/wp-json\/wp\/v2\/media?parent=14"}],"curies":[{"name":"wp","href":"https:\/\/api.w.org\/{rel}","templated":true}]}}